{"id":1932,"date":"2026-01-19T13:18:07","date_gmt":"2026-01-19T13:18:07","guid":{"rendered":"https:\/\/tinebjoernoe.dk\/contact\/"},"modified":"2026-03-24T09:30:57","modified_gmt":"2026-03-24T09:30:57","slug":"contact","status":"publish","type":"page","link":"http:\/\/tinebjoernoe.dk\/?page_id=1932","title":{"rendered":"Kontakt"},"content":{"rendered":"\t\t<div data-elementor-type=\"wp-page\" data-elementor-id=\"1932\" class=\"elementor elementor-1932\" data-elementor-post-type=\"page\">\n\t\t\t\t<div class=\"elementor-element elementor-element-3f431153 e-flex e-con-boxed e-con e-parent\" data-id=\"3f431153\" data-element_type=\"container\" data-e-type=\"container\">\n\t\t\t\t\t<div class=\"e-con-inner\">\n\t\t\t\t<div class=\"elementor-element elementor-element-140459da elementor-widget elementor-widget-ehp-form\" data-id=\"140459da\" data-element_type=\"widget\" data-e-type=\"widget\" data-settings=\"{&quot;button_shape&quot;:&quot;round&quot;,&quot;layout_preset&quot;:&quot;engage&quot;,&quot;button_width&quot;:&quot;33&quot;,&quot;layout_column_structure&quot;:&quot;50-50&quot;,&quot;content_alignment&quot;:&quot;start&quot;,&quot;image_shape&quot;:&quot;sharp&quot;,&quot;box_shape&quot;:&quot;sharp&quot;}\" data-widget_type=\"ehp-form.default\">\n\t\t\t\t<div class=\"elementor-widget-container\">\n\t\t\t\t\t\t\t<form class=\"has-shape-sharp shape-type-box has-column-structure-50-50  ehp-form has-layout-preset-engage\" name=\"New Form\" method=\"post\" id=\"\">\n\t\t\t\t\t\t<div class=\"ehp-image ehp-form__image-container\">\n\t\t\t\t<img decoding=\"async\" class=\"ehp-image__img ehp-form__img has-shape-sharp shape-type-image\" src=\"http:\/\/tinebjoernoe.dk\/wp-content\/uploads\/2025\/05\/0EB27660-D4D3-4206-A6C1-A5CC6D445080-1.jpeg\" title=\"0EB27660-D4D3-4206-A6C1-A5CC6D445080\" alt=\"0EB27660-D4D3-4206-A6C1-A5CC6D445080\" loading=\"lazy\" \/>\t\t\t<\/div>\n\t\t\t\t\t\t<input type=\"hidden\" name=\"post_id\" value=\"1932\"\/>\n\t\t\t<input type=\"hidden\" name=\"form_id\" value=\"140459da\"\/>\n\t\t\t<input type=\"hidden\" name=\"referer_title\" value=\"Kontakt - Fotograf Tine Bj\u00f8rn\u00f8\"\/>\n\n\t\t\t\t\t\t\t<input type=\"hidden\" name=\"queried_id\" value=\"1932\"\/>\n\t\t\t\n\t\t\t<div class=\"ehp-form__content\">\n\t\t\t\t\t\t<div class=\"ehp-form__text-container\">\n\t\t\t<h2 class=\"ehp-form__heading\">Kontakt<\/h2><p class=\"ehp-form__description\">\nDu er altid velkommen til at skrive til mig, uanset om du dr\u00f8mmer om et fotoshoot med din hest eller hund, eller bare har et sp\u00f8rgsm\u00e5l.<br>\n<br>\n\nFor mig handler det ikke kun om billeder, men om at skabe en tryg og god oplevelse for b\u00e5de dig og dit dyr. Derfor tager jeg mig altid tid til at lytte og finde ud af, hvad der passer bedst til jer.\n<br><br>Send mig en besked via formularen eller p\u00e5 mail \u2013 s\u00e5 vender jeg tilbage s\u00e5 hurtigt jeg kan.\n<br><br>Jeg gl\u00e6der mig rigtig meget til at h\u00f8re fra dig<\/p>\t\t<\/div>\n\t\t\t\t\t\t<div class=\"ehp-form__wrapper\">\n\t\t\t\t\t\t\t\t\t\t\t<div class=\"ehp-form__field-group is-field-type-text is-field-group-name has-width-100 has-width-md-100 has-width-sm-100 has-border has-shape-default\">\n\t\t\t\t\t\t\t\t\t\t\t\t\t\t\t<label for=\"form-field-name\" class=\"ehp-form__field-label elementor-screen-only\">\n\t\t\t\t\t\t\t\t\tNavn\t\t\t\t\t\t\t\t<\/label>\n\t\t\t\t\t\t\t\t\t\t\t\t\t\t\t\t\t<input size=\"1\" type=\"text\" name=\"form_fields[name]\" id=\"form-field-name\" class=\"ehp-form__field elementor-size-sm  elementor-field-textual\" placeholder=\"Navn\">\n\t\t\t\t\t\t\t\t\t\t\t\t\t\t\t<\/div>\n\t\t\t\t\t\t\t\t\t\t\t<div class=\"ehp-form__field-group is-field-type-email is-field-group-email has-width-100 has-width-md-100 has-width-sm-100 is-field-required has-border has-shape-default\">\n\t\t\t\t\t\t\t\t\t\t\t\t\t\t\t<label for=\"form-field-email\" class=\"ehp-form__field-label elementor-screen-only\">\n\t\t\t\t\t\t\t\t\tEmail\t\t\t\t\t\t\t\t<\/label>\n\t\t\t\t\t\t\t\t\t\t\t\t\t\t\t\t\t<input size=\"1\" type=\"email\" name=\"form_fields[email]\" id=\"form-field-email\" class=\"ehp-form__field elementor-size-sm  elementor-field-textual\" placeholder=\"Email\" required=\"required\" aria-required=\"true\">\n\t\t\t\t\t\t\t\t\t\t\t\t\t\t\t<\/div>\n\t\t\t\t\t\t\t\t\t\t\t<div class=\"ehp-form__field-group is-field-type-textarea is-field-group-message has-width-100 has-width-md-100 has-width-sm-100 has-border has-shape-default\">\n\t\t\t\t\t\t\t\t\t\t\t\t\t\t\t<label for=\"form-field-message\" class=\"ehp-form__field-label elementor-screen-only\">\n\t\t\t\t\t\t\t\t\tBesked\t\t\t\t\t\t\t\t<\/label>\n\t\t\t\t\t\t\t\t<textarea class=\"elementor-field-textual ehp-form__field eph-form__textarea  elementor-size-sm\" name=\"form_fields[message]\" id=\"form-field-message\" rows=\"4\" placeholder=\"Besked\"><\/textarea>\t\t\t\t\t\t<\/div>\n\t\t\t\t\t\t\t\t\t\t\t\t<div class=\"ehp-form__submit-group has-width-33 has-button-align-center\">\n\t\t\t<button class=\"has-shape-round shape-type-button ehp-form__button is-type-button\" type=\"submit\">\n\t\t\t\t\t\t\t\t\t\t\t\t\t\n\t\t\t\t\t\t\t\t\t<span class=\"ehp-form__button-text\">Send<\/span>\n\t\t\t\t\t\t\t<\/button>\n\t\t<\/div>\n\t\t\t\t\t\t<\/div>\n\t\t\t<\/div>\n\t\t\t<div class=\"ehp-form__overlay\"><\/div>\n\t\t<\/form>\n\t\t\t\t\t\t<\/div>\n\t\t\t\t<\/div>\n\t\t\t\t\t<\/div>\n\t\t\t\t<\/div>\n\t\t\t\t<\/div>\n\t\t","protected":false},"excerpt":{"rendered":"","protected":false},"author":1,"featured_media":0,"parent":0,"menu_order":0,"comment_status":"closed","ping_status":"closed","template":"elementor_header_footer","meta":{"footnotes":""},"class_list":["post-1932","page","type-page","status-publish","hentry"],"yoast_head":"<!-- This site is optimized with the Yoast SEO plugin v27.5 - https:\/\/yoast.com\/product\/yoast-seo-wordpress\/ -->\n<title>Kontakt - Fotograf Tine Bj\u00f8rn\u00f8<\/title>\n<meta name=\"robots\" content=\"index, follow, max-snippet:-1, max-image-preview:large, max-video-preview:-1\" \/>\n<link rel=\"canonical\" href=\"http:\/\/tinebjoernoe.dk\/?page_id=1932\" \/>\n<meta property=\"og:locale\" content=\"da_DK\" \/>\n<meta property=\"og:type\" content=\"article\" \/>\n<meta property=\"og:title\" content=\"Kontakt - Fotograf Tine Bj\u00f8rn\u00f8\" \/>\n<meta property=\"og:url\" content=\"http:\/\/tinebjoernoe.dk\/?page_id=1932\" \/>\n<meta property=\"og:site_name\" content=\"Fotograf Tine Bj\u00f8rn\u00f8\" \/>\n<meta property=\"article:publisher\" content=\"https:\/\/www.facebook.com\/tinebjoernoefotografering\" \/>\n<meta property=\"article:modified_time\" content=\"2026-03-24T09:30:57+00:00\" \/>\n<meta property=\"og:image\" content=\"http:\/\/tinebjoernoe.dk\/wp-content\/uploads\/2026\/01\/Efteraar2024-427-of-879-Edit4.webp\" \/>\n\t<meta property=\"og:image:width\" content=\"1920\" \/>\n\t<meta property=\"og:image:height\" content=\"1280\" \/>\n\t<meta property=\"og:image:type\" content=\"image\/webp\" \/>\n<meta name=\"twitter:card\" content=\"summary_large_image\" \/>\n<meta name=\"twitter:label1\" content=\"Estimeret l\u00e6setid\" \/>\n\t<meta name=\"twitter:data1\" content=\"1 minut\" \/>\n<script type=\"application\/ld+json\" class=\"yoast-schema-graph\">{\"@context\":\"https:\\\/\\\/schema.org\",\"@graph\":[{\"@type\":\"WebPage\",\"@id\":\"http:\\\/\\\/tinebjoernoe.dk\\\/?page_id=1932\",\"url\":\"http:\\\/\\\/tinebjoernoe.dk\\\/?page_id=1932\",\"name\":\"Kontakt - Fotograf Tine Bj\u00f8rn\u00f8\",\"isPartOf\":{\"@id\":\"http:\\\/\\\/tinebjoernoe.dk\\\/#website\"},\"datePublished\":\"2026-01-19T13:18:07+00:00\",\"dateModified\":\"2026-03-24T09:30:57+00:00\",\"breadcrumb\":{\"@id\":\"http:\\\/\\\/tinebjoernoe.dk\\\/?page_id=1932#breadcrumb\"},\"inLanguage\":\"da-DK\",\"potentialAction\":[{\"@type\":\"ReadAction\",\"target\":[\"http:\\\/\\\/tinebjoernoe.dk\\\/?page_id=1932\"]}]},{\"@type\":\"BreadcrumbList\",\"@id\":\"http:\\\/\\\/tinebjoernoe.dk\\\/?page_id=1932#breadcrumb\",\"itemListElement\":[{\"@type\":\"ListItem\",\"position\":1,\"name\":\"Hjem\",\"item\":\"http:\\\/\\\/tinebjoernoe.dk\\\/\"},{\"@type\":\"ListItem\",\"position\":2,\"name\":\"Kontakt\"}]},{\"@type\":\"WebSite\",\"@id\":\"http:\\\/\\\/tinebjoernoe.dk\\\/#website\",\"url\":\"http:\\\/\\\/tinebjoernoe.dk\\\/\",\"name\":\"Fotograf Tine Bj\u00f8rn\u00f8\",\"description\":\"Heste- og hundefotograf p\u00e5 Fyn\",\"publisher\":{\"@id\":\"http:\\\/\\\/tinebjoernoe.dk\\\/#\\\/schema\\\/person\\\/1054ebfbaecb1a0fb18866215a5f176a\"},\"potentialAction\":[{\"@type\":\"SearchAction\",\"target\":{\"@type\":\"EntryPoint\",\"urlTemplate\":\"http:\\\/\\\/tinebjoernoe.dk\\\/?s={search_term_string}\"},\"query-input\":{\"@type\":\"PropertyValueSpecification\",\"valueRequired\":true,\"valueName\":\"search_term_string\"}}],\"inLanguage\":\"da-DK\"},{\"@type\":[\"Person\",\"Organization\"],\"@id\":\"http:\\\/\\\/tinebjoernoe.dk\\\/#\\\/schema\\\/person\\\/1054ebfbaecb1a0fb18866215a5f176a\",\"name\":\"admin\",\"image\":{\"@type\":\"ImageObject\",\"inLanguage\":\"da-DK\",\"@id\":\"https:\\\/\\\/tinebjoernoe.dk\\\/wp-content\\\/uploads\\\/2024\\\/08\\\/TB_logo_BlackRed_2014-guld-med-navn.tif\",\"url\":\"https:\\\/\\\/tinebjoernoe.dk\\\/wp-content\\\/uploads\\\/2024\\\/08\\\/TB_logo_BlackRed_2014-guld-med-navn.tif\",\"contentUrl\":\"https:\\\/\\\/tinebjoernoe.dk\\\/wp-content\\\/uploads\\\/2024\\\/08\\\/TB_logo_BlackRed_2014-guld-med-navn.tif\",\"width\":1,\"height\":1,\"caption\":\"admin\"},\"logo\":{\"@id\":\"https:\\\/\\\/tinebjoernoe.dk\\\/wp-content\\\/uploads\\\/2024\\\/08\\\/TB_logo_BlackRed_2014-guld-med-navn.tif\"},\"description\":\"Heste og hundefotograf p\u00e5 Fyn.\",\"sameAs\":[\"http:\\\/\\\/tinebjoernoe.dk\",\"https:\\\/\\\/www.facebook.com\\\/tinebjoernoefotografering\",\"https:\\\/\\\/www.instagram.com\\\/tinebjoernoefotografering\"]}]}<\/script>\n<!-- \/ Yoast SEO plugin. -->","yoast_head_json":{"title":"Kontakt - Fotograf Tine Bj\u00f8rn\u00f8","robots":{"index":"index","follow":"follow","max-snippet":"max-snippet:-1","max-image-preview":"max-image-preview:large","max-video-preview":"max-video-preview:-1"},"canonical":"http:\/\/tinebjoernoe.dk\/?page_id=1932","og_locale":"da_DK","og_type":"article","og_title":"Kontakt - Fotograf Tine Bj\u00f8rn\u00f8","og_url":"http:\/\/tinebjoernoe.dk\/?page_id=1932","og_site_name":"Fotograf Tine Bj\u00f8rn\u00f8","article_publisher":"https:\/\/www.facebook.com\/tinebjoernoefotografering","article_modified_time":"2026-03-24T09:30:57+00:00","og_image":[{"width":1920,"height":1280,"url":"http:\/\/tinebjoernoe.dk\/wp-content\/uploads\/2026\/01\/Efteraar2024-427-of-879-Edit4.webp","type":"image\/webp"}],"twitter_card":"summary_large_image","twitter_misc":{"Estimeret l\u00e6setid":"1 minut"},"schema":{"@context":"https:\/\/schema.org","@graph":[{"@type":"WebPage","@id":"http:\/\/tinebjoernoe.dk\/?page_id=1932","url":"http:\/\/tinebjoernoe.dk\/?page_id=1932","name":"Kontakt - Fotograf Tine Bj\u00f8rn\u00f8","isPartOf":{"@id":"http:\/\/tinebjoernoe.dk\/#website"},"datePublished":"2026-01-19T13:18:07+00:00","dateModified":"2026-03-24T09:30:57+00:00","breadcrumb":{"@id":"http:\/\/tinebjoernoe.dk\/?page_id=1932#breadcrumb"},"inLanguage":"da-DK","potentialAction":[{"@type":"ReadAction","target":["http:\/\/tinebjoernoe.dk\/?page_id=1932"]}]},{"@type":"BreadcrumbList","@id":"http:\/\/tinebjoernoe.dk\/?page_id=1932#breadcrumb","itemListElement":[{"@type":"ListItem","position":1,"name":"Hjem","item":"http:\/\/tinebjoernoe.dk\/"},{"@type":"ListItem","position":2,"name":"Kontakt"}]},{"@type":"WebSite","@id":"http:\/\/tinebjoernoe.dk\/#website","url":"http:\/\/tinebjoernoe.dk\/","name":"Fotograf Tine Bj\u00f8rn\u00f8","description":"Heste- og hundefotograf p\u00e5 Fyn","publisher":{"@id":"http:\/\/tinebjoernoe.dk\/#\/schema\/person\/1054ebfbaecb1a0fb18866215a5f176a"},"potentialAction":[{"@type":"SearchAction","target":{"@type":"EntryPoint","urlTemplate":"http:\/\/tinebjoernoe.dk\/?s={search_term_string}"},"query-input":{"@type":"PropertyValueSpecification","valueRequired":true,"valueName":"search_term_string"}}],"inLanguage":"da-DK"},{"@type":["Person","Organization"],"@id":"http:\/\/tinebjoernoe.dk\/#\/schema\/person\/1054ebfbaecb1a0fb18866215a5f176a","name":"admin","image":{"@type":"ImageObject","inLanguage":"da-DK","@id":"https:\/\/tinebjoernoe.dk\/wp-content\/uploads\/2024\/08\/TB_logo_BlackRed_2014-guld-med-navn.tif","url":"https:\/\/tinebjoernoe.dk\/wp-content\/uploads\/2024\/08\/TB_logo_BlackRed_2014-guld-med-navn.tif","contentUrl":"https:\/\/tinebjoernoe.dk\/wp-content\/uploads\/2024\/08\/TB_logo_BlackRed_2014-guld-med-navn.tif","width":1,"height":1,"caption":"admin"},"logo":{"@id":"https:\/\/tinebjoernoe.dk\/wp-content\/uploads\/2024\/08\/TB_logo_BlackRed_2014-guld-med-navn.tif"},"description":"Heste og hundefotograf p\u00e5 Fyn.","sameAs":["http:\/\/tinebjoernoe.dk","https:\/\/www.facebook.com\/tinebjoernoefotografering","https:\/\/www.instagram.com\/tinebjoernoefotografering"]}]}},"_links":{"self":[{"href":"http:\/\/tinebjoernoe.dk\/index.php?rest_route=\/wp\/v2\/pages\/1932","targetHints":{"allow":["GET"]}}],"collection":[{"href":"http:\/\/tinebjoernoe.dk\/index.php?rest_route=\/wp\/v2\/pages"}],"about":[{"href":"http:\/\/tinebjoernoe.dk\/index.php?rest_route=\/wp\/v2\/types\/page"}],"author":[{"embeddable":true,"href":"http:\/\/tinebjoernoe.dk\/index.php?rest_route=\/wp\/v2\/users\/1"}],"replies":[{"embeddable":true,"href":"http:\/\/tinebjoernoe.dk\/index.php?rest_route=%2Fwp%2Fv2%2Fcomments&post=1932"}],"version-history":[{"count":26,"href":"http:\/\/tinebjoernoe.dk\/index.php?rest_route=\/wp\/v2\/pages\/1932\/revisions"}],"predecessor-version":[{"id":2440,"href":"http:\/\/tinebjoernoe.dk\/index.php?rest_route=\/wp\/v2\/pages\/1932\/revisions\/2440"}],"wp:attachment":[{"href":"http:\/\/tinebjoernoe.dk\/index.php?rest_route=%2Fwp%2Fv2%2Fmedia&parent=1932"}],"curies":[{"name":"wp","href":"https:\/\/api.w.org\/{rel}","templated":true}]}}